{"id":876,"date":"2019-12-13T11:47:13","date_gmt":"2019-12-13T11:47:13","guid":{"rendered":"https:\/\/www.timaflex.nl\/over-ons\/"},"modified":"2020-05-04T09:02:35","modified_gmt":"2020-05-04T09:02:35","slug":"uber-uns","status":"publish","type":"page","link":"https:\/\/timaflex.nl\/de\/uber-uns\/","title":{"rendered":"\u00dcber uns"},"content":{"rendered":"\t\t<div data-elementor-type=\"wp-post\" data-elementor-id=\"876\" class=\"elementor elementor-876 elementor-115\" data-elementor-post-type=\"page\">\n\t\t\t\t\t\t<section class=\"elementor-section elementor-top-section elementor-element elementor-element-9252e51 elementor-section-height-min-height elementor-section-stretched elementor-section-boxed elementor-section-height-default elementor-section-items-middle\" data-id=\"9252e51\" data-element_type=\"section\" data-e-type=\"section\" data-settings=\"{&quot;background_background&quot;:&quot;classic&quot;,&quot;stretch_section&quot;:&quot;section-stretched&quot;}\">\n\t\t\t\t\t\t\t<div class=\"elementor-background-overlay\"><\/div>\n\t\t\t\t\t\t\t<div class=\"elementor-container elementor-column-gap-default\">\n\t\t\t\t\t<div class=\"elementor-column elementor-col-50 elementor-top-column elementor-element elementor-element-9ff0a13\" data-id=\"9ff0a13\" data-element_type=\"column\" data-e-type=\"column\">\n\t\t\t<div class=\"elementor-widget-wrap elementor-element-populated\">\n\t\t\t\t\t\t<div class=\"elementor-element elementor-element-578d509 elementor-widget elementor-widget-heading\" data-id=\"578d509\" data-element_type=\"widget\" data-e-type=\"widget\" data-widget_type=\"heading.default\">\n\t\t\t\t<div class=\"elementor-widget-container\">\n\t\t\t\t\t<h2 class=\"elementor-heading-title elementor-size-default\">\u00dcber uns <\/h2>\t\t\t\t<\/div>\n\t\t\t\t<\/div>\n\t\t\t\t\t<\/div>\n\t\t<\/div>\n\t\t\t\t<div class=\"elementor-column elementor-col-50 elementor-top-column elementor-element elementor-element-e740296\" data-id=\"e740296\" data-element_type=\"column\" data-e-type=\"column\">\n\t\t\t<div class=\"elementor-widget-wrap\">\n\t\t\t\t\t\t\t<\/div>\n\t\t<\/div>\n\t\t\t\t\t<\/div>\n\t\t<\/section>\n\t\t\t\t<section class=\"elementor-section elementor-top-section elementor-element elementor-element-f818137 elementor-section-stretched elementor-section-boxed elementor-section-height-default elementor-section-height-default\" data-id=\"f818137\" data-element_type=\"section\" data-e-type=\"section\" data-settings=\"{&quot;stretch_section&quot;:&quot;section-stretched&quot;}\">\n\t\t\t\t\t\t<div class=\"elementor-container elementor-column-gap-default\">\n\t\t\t\t\t<div class=\"elementor-column elementor-col-50 elementor-top-column elementor-element elementor-element-695ca42\" data-id=\"695ca42\" data-element_type=\"column\" data-e-type=\"column\">\n\t\t\t<div class=\"elementor-widget-wrap elementor-element-populated\">\n\t\t\t\t\t\t<div class=\"elementor-element elementor-element-b13b3f8 elementor-widget elementor-widget-heading\" data-id=\"b13b3f8\" data-element_type=\"widget\" data-e-type=\"widget\" data-widget_type=\"heading.default\">\n\t\t\t\t<div class=\"elementor-widget-container\">\n\t\t\t\t\t<h2 class=\"elementor-heading-title elementor-size-default\">Augenmerk auf jedes Detail<\/h2>\t\t\t\t<\/div>\n\t\t\t\t<\/div>\n\t\t\t\t<div class=\"elementor-element elementor-element-37ff934 elementor-widget elementor-widget-text-editor\" data-id=\"37ff934\" data-element_type=\"widget\" data-e-type=\"widget\" data-widget_type=\"text-editor.default\">\n\t\t\t\t<div class=\"elementor-widget-container\">\n\t\t\t\t\t\t\t\t\tTimaFlex ist in Europa als einer der wichtigsten Anbieter unterschiedlichster Kunststoffprofile auf dem heutigen Extrusionsmarkt bekannt. An unserem Produktionsstandort im niederl\u00e4ndischen Ermelo produzieren wir Spiralschl\u00e4uche, Profile und Pflanzst\u00e4be aus Kunststoff. Heute kommen unsere Produkte in der Baubranche, im Unterglasanbau, in der Automobilbranche und in der Schifffahrts- und Fahrradindustrie weltweit zum Einsatz. Lernen auch Sie die l\u00f6sungsorientierte Herangehensweise von TimaFlex kennen.\t\t\t\t\t\t\t\t<\/div>\n\t\t\t\t<\/div>\n\t\t\t\t\t<\/div>\n\t\t<\/div>\n\t\t\t\t<div class=\"elementor-column elementor-col-50 elementor-top-column elementor-element elementor-element-ea1115c\" data-id=\"ea1115c\" data-element_type=\"column\" data-e-type=\"column\">\n\t\t\t<div class=\"elementor-widget-wrap elementor-element-populated\">\n\t\t\t\t\t\t<div class=\"elementor-element elementor-element-ea7253e elementor-widget elementor-widget-image\" data-id=\"ea7253e\" data-element_type=\"widget\" data-e-type=\"widget\" data-widget_type=\"image.default\">\n\t\t\t\t<div class=\"elementor-widget-container\">\n\t\t\t\t\t\t\t\t\t\t\t\t\t\t\t<img fetchpriority=\"high\" decoding=\"async\" width=\"1536\" height=\"770\" src=\"https:\/\/timaflex.nl\/wp-content\/uploads\/2020\/02\/Extrusion-die-and-caliber-1536x770.png\" class=\"attachment-1536x1536 size-1536x1536 wp-image-254\" alt=\"\" srcset=\"https:\/\/timaflex.nl\/wp-content\/uploads\/2020\/02\/Extrusion-die-and-caliber-1536x770.png 1536w, https:\/\/timaflex.nl\/wp-content\/uploads\/2020\/02\/Extrusion-die-and-caliber-300x150.png 300w, https:\/\/timaflex.nl\/wp-content\/uploads\/2020\/02\/Extrusion-die-and-caliber-1024x514.png 1024w, https:\/\/timaflex.nl\/wp-content\/uploads\/2020\/02\/Extrusion-die-and-caliber-768x385.png 768w, https:\/\/timaflex.nl\/wp-content\/uploads\/2020\/02\/Extrusion-die-and-caliber.png 1914w\" sizes=\"(max-width: 1536px) 100vw, 1536px\" \/>\t\t\t\t\t\t\t\t\t\t\t\t\t\t\t<\/div>\n\t\t\t\t<\/div>\n\t\t\t\t\t<\/div>\n\t\t<\/div>\n\t\t\t\t\t<\/div>\n\t\t<\/section>\n\t\t\t\t<section class=\"elementor-section elementor-top-section elementor-element elementor-element-eab5f65 elementor-section-stretched elementor-section-boxed elementor-section-height-default elementor-section-height-default\" data-id=\"eab5f65\" data-element_type=\"section\" data-e-type=\"section\" data-settings=\"{&quot;stretch_section&quot;:&quot;section-stretched&quot;,&quot;background_background&quot;:&quot;classic&quot;}\">\n\t\t\t\t\t\t<div class=\"elementor-container elementor-column-gap-default\">\n\t\t\t\t\t<div class=\"elementor-column elementor-col-100 elementor-top-column elementor-element elementor-element-c95a6c3\" data-id=\"c95a6c3\" data-element_type=\"column\" data-e-type=\"column\">\n\t\t\t<div class=\"elementor-widget-wrap elementor-element-populated\">\n\t\t\t\t\t\t<section class=\"elementor-section elementor-inner-section elementor-element elementor-element-610ecb0 elementor-section-full_width elementor-section-height-default elementor-section-height-default\" data-id=\"610ecb0\" data-element_type=\"section\" data-e-type=\"section\">\n\t\t\t\t\t\t<div class=\"elementor-container elementor-column-gap-default\">\n\t\t\t\t\t<div class=\"elementor-column elementor-col-50 elementor-inner-column elementor-element elementor-element-f74ffd8\" data-id=\"f74ffd8\" data-element_type=\"column\" data-e-type=\"column\">\n\t\t\t<div class=\"elementor-widget-wrap elementor-element-populated\">\n\t\t\t\t\t\t<div class=\"elementor-element elementor-element-ba9096f elementor-widget elementor-widget-heading\" data-id=\"ba9096f\" data-element_type=\"widget\" data-e-type=\"widget\" data-widget_type=\"heading.default\">\n\t\t\t\t<div class=\"elementor-widget-container\">\n\t\t\t\t\t<h2 class=\"elementor-heading-title elementor-size-default\">Breites Sortiment<\/h2>\t\t\t\t<\/div>\n\t\t\t\t<\/div>\n\t\t\t\t<div class=\"elementor-element elementor-element-801119e elementor-widget elementor-widget-text-editor\" data-id=\"801119e\" data-element_type=\"widget\" data-e-type=\"widget\" data-widget_type=\"text-editor.default\">\n\t\t\t\t<div class=\"elementor-widget-container\">\n\t\t\t\t\t\t\t\t\tBei der Gr\u00fcndung von TimaFlex 1996 stand die Produktion ganz im Zeichen des Spiralschlauchs. Tag und Nacht wurde auf einer einzigen Extrusionslinie das komplette Sortiment produziert. Mittlerweile hat sich unser Sortiment ebenso wie unsere Produktionskapazit\u00e4t stark erweitert. Noch immer ist der Spiralschlauch eines der bekanntesten Produkte von TimaFlex. \t\t\t\t\t\t\t\t<\/div>\n\t\t\t\t<\/div>\n\t\t\t\t\t<\/div>\n\t\t<\/div>\n\t\t\t\t<div class=\"elementor-column elementor-col-50 elementor-inner-column elementor-element elementor-element-ca261e3\" data-id=\"ca261e3\" data-element_type=\"column\" data-e-type=\"column\">\n\t\t\t<div class=\"elementor-widget-wrap elementor-element-populated\">\n\t\t\t\t\t\t<div class=\"elementor-element elementor-element-4fe61ae elementor-widget elementor-widget-heading\" data-id=\"4fe61ae\" data-element_type=\"widget\" data-e-type=\"widget\" data-widget_type=\"heading.default\">\n\t\t\t\t<div class=\"elementor-widget-container\">\n\t\t\t\t\t<h2 class=\"elementor-heading-title elementor-size-default\">Kundenorientierte Herangehensweise<\/h2>\t\t\t\t<\/div>\n\t\t\t\t<\/div>\n\t\t\t\t<div class=\"elementor-element elementor-element-ec5f4e9 elementor-widget elementor-widget-text-editor\" data-id=\"ec5f4e9\" data-element_type=\"widget\" data-e-type=\"widget\" data-widget_type=\"text-editor.default\">\n\t\t\t\t<div class=\"elementor-widget-container\">\n\t\t\t\t\t\t\t\t\tTimaFlex zeichnet sich durch Flexibilit\u00e4t und Ma\u00dfarbeit aus. Sie k\u00f6nnen sich f\u00fcr die Produktion von ma\u00dfgefertigten Gro\u00df- und Kleinserien an uns wenden. Jeder Auftrag erfordert eine spezifische Herangehensweise und bringt neue Herausforderungen mit sich. Deshalb unterst\u00fctzen wir unsere Auftraggeber in ihren \u00dcberlegungen zu den unterschiedlichsten Fragen. Sie liefern eine Produktidee und wir untersuchen fachkundig die M\u00f6glichkeiten.\t\t\t\t\t\t\t\t<\/div>\n\t\t\t\t<\/div>\n\t\t\t\t\t<\/div>\n\t\t<\/div>\n\t\t\t\t\t<\/div>\n\t\t<\/section>\n\t\t\t\t<section class=\"elementor-section elementor-inner-section elementor-element elementor-element-e634f4d elementor-section-full_width elementor-section-height-default elementor-section-height-default\" data-id=\"e634f4d\" data-element_type=\"section\" data-e-type=\"section\">\n\t\t\t\t\t\t<div class=\"elementor-container elementor-column-gap-default\">\n\t\t\t\t\t<div class=\"elementor-column elementor-col-50 elementor-inner-column elementor-element elementor-element-f206bb3\" data-id=\"f206bb3\" data-element_type=\"column\" data-e-type=\"column\">\n\t\t\t<div class=\"elementor-widget-wrap elementor-element-populated\">\n\t\t\t\t\t\t<div class=\"elementor-element elementor-element-7104631 elementor-widget elementor-widget-heading\" data-id=\"7104631\" data-element_type=\"widget\" data-e-type=\"widget\" data-widget_type=\"heading.default\">\n\t\t\t\t<div class=\"elementor-widget-container\">\n\t\t\t\t\t<h2 class=\"elementor-heading-title elementor-size-default\">Fachkundiges Team<\/h2>\t\t\t\t<\/div>\n\t\t\t\t<\/div>\n\t\t\t\t<div class=\"elementor-element elementor-element-adc0b93 elementor-widget elementor-widget-text-editor\" data-id=\"adc0b93\" data-element_type=\"widget\" data-e-type=\"widget\" data-widget_type=\"text-editor.default\">\n\t\t\t\t<div class=\"elementor-widget-container\">\n\t\t\t\t\t\t\t\t\tDas Team von TimaFlex hat Erfahrung in der Optimierung von Fertigungsprozessen. Wir k\u00f6nnen unsere Fertigungsstra\u00dfen jederzeit umbauen, kalibrieren oder anderweitig anpassen. Au\u00dferdem verf\u00fcgt TimaFlex \u00fcber eine eigene Maschinenbauabteilung. Das bedeutet, dass wir schnell und effizient reagieren, abgestimmt auf den Bedarf. \t\t\t\t\t\t\t\t<\/div>\n\t\t\t\t<\/div>\n\t\t\t\t\t<\/div>\n\t\t<\/div>\n\t\t\t\t<div class=\"elementor-column elementor-col-50 elementor-inner-column elementor-element elementor-element-264ad0a\" data-id=\"264ad0a\" data-element_type=\"column\" data-e-type=\"column\">\n\t\t\t<div class=\"elementor-widget-wrap elementor-element-populated\">\n\t\t\t\t\t\t<div class=\"elementor-element elementor-element-0c0af98 elementor-widget elementor-widget-heading\" data-id=\"0c0af98\" data-element_type=\"widget\" data-e-type=\"widget\" data-widget_type=\"heading.default\">\n\t\t\t\t<div class=\"elementor-widget-container\">\n\t\t\t\t\t<h2 class=\"elementor-heading-title elementor-size-default\">Zertifizierung<\/h2>\t\t\t\t<\/div>\n\t\t\t\t<\/div>\n\t\t\t\t<div class=\"elementor-element elementor-element-0b1174c elementor-widget elementor-widget-text-editor\" data-id=\"0b1174c\" data-element_type=\"widget\" data-e-type=\"widget\" data-widget_type=\"text-editor.default\">\n\t\t\t\t<div class=\"elementor-widget-container\">\n\t\t\t\t\t\t\t\t\t<p>TimaFlex erf\u00fcllt in vollem Umfang die strengsten Anforderungen der europ\u00e4ischen Umweltvorschriften. Wir arbeiten so weit wie m\u00f6glich mit innovativen, <a href=\"http:\/\/timaflex.nl\/de\/nachhaltigkeit\/\">nachhaltigen Recyclingmaterialien.<\/a><\/p>\t\t\t\t\t\t\t\t<\/div>\n\t\t\t\t<\/div>\n\t\t\t\t\t<\/div>\n\t\t<\/div>\n\t\t\t\t\t<\/div>\n\t\t<\/section>\n\t\t\t\t<section class=\"elementor-section elementor-inner-section elementor-element elementor-element-b8505fd elementor-section-full_width elementor-section-height-default elementor-section-height-default\" data-id=\"b8505fd\" data-element_type=\"section\" data-e-type=\"section\">\n\t\t\t\t\t\t<div class=\"elementor-container elementor-column-gap-default\">\n\t\t\t\t\t<div class=\"elementor-column elementor-col-100 elementor-inner-column elementor-element elementor-element-7e1e4d2\" data-id=\"7e1e4d2\" data-element_type=\"column\" data-e-type=\"column\">\n\t\t\t<div class=\"elementor-widget-wrap elementor-element-populated\">\n\t\t\t\t\t\t<div class=\"elementor-element elementor-element-54261e1 elementor-widget elementor-widget-video\" data-id=\"54261e1\" data-element_type=\"widget\" data-e-type=\"widget\" data-settings=\"{&quot;video_type&quot;:&quot;vimeo&quot;}\" data-widget_type=\"video.default\">\n\t\t\t\t<div class=\"elementor-widget-container\">\n\t\t\t\t\t\t\t<div class=\"elementor-wrapper elementor-open-inline\">\n\t\t\t<iframe class=\"elementor-video-iframe\" allowfullscreen allow=\"clipboard-write\" title=\"vimeo Video Player\" src=\"https:\/\/player.vimeo.com\/video\/392921098?color&amp;autopause=0&amp;loop=0&amp;muted=0&amp;title=0&amp;portrait=0&amp;byline=0#t=\"><\/iframe>\t\t<\/div>\n\t\t\t\t\t\t<\/div>\n\t\t\t\t<\/div>\n\t\t\t\t\t<\/div>\n\t\t<\/div>\n\t\t\t\t\t<\/div>\n\t\t<\/section>\n\t\t\t\t\t<\/div>\n\t\t<\/div>\n\t\t\t\t\t<\/div>\n\t\t<\/section>\n\t\t\t\t<section class=\"elementor-section elementor-top-section elementor-element elementor-element-2a358e7e elementor-section-content-middle elementor-section-stretched elementor-section-boxed elementor-section-height-default elementor-section-height-default\" data-id=\"2a358e7e\" data-element_type=\"section\" data-e-type=\"section\" data-settings=\"{&quot;stretch_section&quot;:&quot;section-stretched&quot;}\">\n\t\t\t\t\t\t<div class=\"elementor-container elementor-column-gap-no\">\n\t\t\t\t\t<div class=\"elementor-column elementor-col-50 elementor-top-column elementor-element elementor-element-5ddc5846\" data-id=\"5ddc5846\" data-element_type=\"column\" data-e-type=\"column\">\n\t\t\t<div class=\"elementor-widget-wrap elementor-element-populated\">\n\t\t\t\t\t\t<div class=\"elementor-element elementor-element-4c7ef7bb elementor-widget elementor-widget-heading\" data-id=\"4c7ef7bb\" data-element_type=\"widget\" data-e-type=\"widget\" data-widget_type=\"heading.default\">\n\t\t\t\t<div class=\"elementor-widget-container\">\n\t\t\t\t\t<h2 class=\"elementor-heading-title elementor-size-default\">Lernen Sie die kundenorientierte Herangehensweise von TimaFlex kennen<\/h2>\t\t\t\t<\/div>\n\t\t\t\t<\/div>\n\t\t\t\t\t<\/div>\n\t\t<\/div>\n\t\t\t\t<div class=\"elementor-column elementor-col-50 elementor-top-column elementor-element elementor-element-6fbfda37\" data-id=\"6fbfda37\" data-element_type=\"column\" data-e-type=\"column\">\n\t\t\t<div class=\"elementor-widget-wrap elementor-element-populated\">\n\t\t\t\t\t\t<div class=\"elementor-element elementor-element-6d2d19b0 elementor-align-justify elementor-widget elementor-widget-raven-button\" data-id=\"6d2d19b0\" data-element_type=\"widget\" data-e-type=\"widget\" data-settings=\"{&quot;turn_to_popup_action_button&quot;:&quot;no&quot;}\" data-widget_type=\"raven-button.default\">\n\t\t\t\t<div class=\"elementor-widget-container\">\n\t\t\t\t\t\t\t<div class=\"raven-widget-wrapper\">\n\t\t\t<a class=\"raven-button raven-button-widget-normal-effect-none  raven-button-text-align-center raven-button-link elementor-animation-none\" href=\"http:\/\/timaflex.nl\/de\/kontakt\/\">\t\t\t\t<div class=\"raven-button-overlay\" ><\/div>\n\t\t\t\t<span class=\"raven-button-content\">\n\t\t\t\t\t\n\t\t\t\t\t<div class=\"button-text-container\">\n\t\t\t\t\t\t\t\t\t\t\t\t<div class=\"raven-button-texts-wrapper\">\n\t\t\t\t\t\t\t<div class=\"button-text\">\n\t\t\t\t\t\t\t\t<span class=\"raven-button-text\">\n\t\t\t\t\t\t\t\t\tKontaktieren Sie uns\t\t\t\t\t\t\t\t<\/span>\n\t\t\t\t\t\t\t<\/div>\n\t\t\t\t\t\t\t\t\t\t\t\t\t<\/div>\n\t\t\t\t\t\t\t\t\t\t\t<\/div>\n\t\t\t\t\t\n\t\t\t\t\t\t\t\t\t<\/span>\n\t\t\t<\/a>\t\t<\/div>\n\t\t\t\t\t\t<\/div>\n\t\t\t\t<\/div>\n\t\t\t\t\t<\/div>\n\t\t<\/div>\n\t\t\t\t\t<\/div>\n\t\t<\/section>\n\t\t\t\t<\/div>\n\t\t","protected":false},"excerpt":{"rendered":"<p>\u00dcber uns Augenmerk auf jedes Detail TimaFlex ist in Europa als einer der wichtigsten Anbieter unterschiedlichster Kunststoffprofile auf dem heutigen Extrusionsmarkt bekannt. An unserem Produktionsstandort im niederl\u00e4ndischen Ermelo produzieren wir Spiralschl\u00e4uche, Profile und Pflanzst\u00e4be aus Kunststoff. Heute kommen unsere Produkte in der Baubranche, im Unterglasanbau, in der Automobilbranche und in der Schifffahrts- und Fahrradindustrie weltweit [&hellip;]<\/p>\n","protected":false},"author":1,"featured_media":0,"parent":0,"menu_order":0,"comment_status":"closed","ping_status":"closed","template":"","meta":{"footnotes":""},"class_list":["post-876","page","type-page","status-publish","hentry"],"yoast_head":"<!-- This site is optimized with the Yoast SEO plugin v27.4 - https:\/\/yoast.com\/product\/yoast-seo-wordpress\/ -->\n<title>\u00dcber uns - Timaflex<\/title>\n<meta name=\"robots\" content=\"index, follow, max-snippet:-1, max-image-preview:large, max-video-preview:-1\" \/>\n<link rel=\"canonical\" href=\"https:\/\/timaflex.nl\/over-ons\/\" \/>\n<meta property=\"og:locale\" content=\"de_DE\" \/>\n<meta property=\"og:type\" content=\"article\" \/>\n<meta property=\"og:title\" content=\"\u00dcber uns - Timaflex\" \/>\n<meta property=\"og:description\" content=\"\u00dcber uns Augenmerk auf jedes Detail TimaFlex ist in Europa als einer der wichtigsten Anbieter unterschiedlichster Kunststoffprofile auf dem heutigen Extrusionsmarkt bekannt. An unserem Produktionsstandort im niederl\u00e4ndischen Ermelo produzieren wir Spiralschl\u00e4uche, Profile und Pflanzst\u00e4be aus Kunststoff. Heute kommen unsere Produkte in der Baubranche, im Unterglasanbau, in der Automobilbranche und in der Schifffahrts- und Fahrradindustrie weltweit [&hellip;]\" \/>\n<meta property=\"og:url\" content=\"https:\/\/timaflex.nl\/over-ons\/\" \/>\n<meta property=\"og:site_name\" content=\"Timaflex\" \/>\n<meta property=\"article:modified_time\" content=\"2020-05-04T09:02:35+00:00\" \/>\n<meta property=\"og:image\" content=\"https:\/\/timaflex.nl\/wp-content\/uploads\/2020\/02\/Extrusion-die-and-caliber.png\" \/>\n\t<meta property=\"og:image:width\" content=\"1914\" \/>\n\t<meta property=\"og:image:height\" content=\"960\" \/>\n\t<meta property=\"og:image:type\" content=\"image\/png\" \/>\n<meta name=\"twitter:card\" content=\"summary_large_image\" \/>\n<meta name=\"twitter:label1\" content=\"Gesch\u00e4tzte Lesezeit\" \/>\n\t<meta name=\"twitter:data1\" content=\"1\u00a0Minute\" \/>\n<script type=\"application\/ld+json\" class=\"yoast-schema-graph\">{\"@context\":\"https:\\\/\\\/schema.org\",\"@graph\":[{\"@type\":\"WebPage\",\"@id\":\"https:\\\/\\\/timaflex.nl\\\/over-ons\\\/\",\"url\":\"https:\\\/\\\/timaflex.nl\\\/over-ons\\\/\",\"name\":\"\u00dcber uns - Timaflex\",\"isPartOf\":{\"@id\":\"https:\\\/\\\/timaflex.nl\\\/#website\"},\"primaryImageOfPage\":{\"@id\":\"https:\\\/\\\/timaflex.nl\\\/over-ons\\\/#primaryimage\"},\"image\":{\"@id\":\"https:\\\/\\\/timaflex.nl\\\/over-ons\\\/#primaryimage\"},\"thumbnailUrl\":\"https:\\\/\\\/timaflex.nl\\\/wp-content\\\/uploads\\\/2020\\\/02\\\/Extrusion-die-and-caliber-1536x770.png\",\"datePublished\":\"2019-12-13T11:47:13+00:00\",\"dateModified\":\"2020-05-04T09:02:35+00:00\",\"breadcrumb\":{\"@id\":\"https:\\\/\\\/timaflex.nl\\\/over-ons\\\/#breadcrumb\"},\"inLanguage\":\"de\",\"potentialAction\":[{\"@type\":\"ReadAction\",\"target\":[\"https:\\\/\\\/timaflex.nl\\\/over-ons\\\/\"]}]},{\"@type\":\"ImageObject\",\"inLanguage\":\"de\",\"@id\":\"https:\\\/\\\/timaflex.nl\\\/over-ons\\\/#primaryimage\",\"url\":\"https:\\\/\\\/timaflex.nl\\\/wp-content\\\/uploads\\\/2020\\\/02\\\/Extrusion-die-and-caliber-1536x770.png\",\"contentUrl\":\"https:\\\/\\\/timaflex.nl\\\/wp-content\\\/uploads\\\/2020\\\/02\\\/Extrusion-die-and-caliber-1536x770.png\"},{\"@type\":\"BreadcrumbList\",\"@id\":\"https:\\\/\\\/timaflex.nl\\\/over-ons\\\/#breadcrumb\",\"itemListElement\":[{\"@type\":\"ListItem\",\"position\":1,\"name\":\"Home\",\"item\":\"https:\\\/\\\/timaflex.nl\\\/\"},{\"@type\":\"ListItem\",\"position\":2,\"name\":\"\u00dcber uns\"}]},{\"@type\":\"WebSite\",\"@id\":\"https:\\\/\\\/timaflex.nl\\\/#website\",\"url\":\"https:\\\/\\\/timaflex.nl\\\/\",\"name\":\"Timaflex\",\"description\":\"Kunststof Extrusie\",\"potentialAction\":[{\"@type\":\"SearchAction\",\"target\":{\"@type\":\"EntryPoint\",\"urlTemplate\":\"https:\\\/\\\/timaflex.nl\\\/?s={search_term_string}\"},\"query-input\":{\"@type\":\"PropertyValueSpecification\",\"valueRequired\":true,\"valueName\":\"search_term_string\"}}],\"inLanguage\":\"de\"}]}<\/script>\n<!-- \/ Yoast SEO plugin. -->","yoast_head_json":{"title":"\u00dcber uns - Timaflex","robots":{"index":"index","follow":"follow","max-snippet":"max-snippet:-1","max-image-preview":"max-image-preview:large","max-video-preview":"max-video-preview:-1"},"canonical":"https:\/\/timaflex.nl\/over-ons\/","og_locale":"de_DE","og_type":"article","og_title":"\u00dcber uns - Timaflex","og_description":"\u00dcber uns Augenmerk auf jedes Detail TimaFlex ist in Europa als einer der wichtigsten Anbieter unterschiedlichster Kunststoffprofile auf dem heutigen Extrusionsmarkt bekannt. An unserem Produktionsstandort im niederl\u00e4ndischen Ermelo produzieren wir Spiralschl\u00e4uche, Profile und Pflanzst\u00e4be aus Kunststoff. Heute kommen unsere Produkte in der Baubranche, im Unterglasanbau, in der Automobilbranche und in der Schifffahrts- und Fahrradindustrie weltweit [&hellip;]","og_url":"https:\/\/timaflex.nl\/over-ons\/","og_site_name":"Timaflex","article_modified_time":"2020-05-04T09:02:35+00:00","og_image":[{"width":1914,"height":960,"url":"https:\/\/timaflex.nl\/wp-content\/uploads\/2020\/02\/Extrusion-die-and-caliber.png","type":"image\/png"}],"twitter_card":"summary_large_image","twitter_misc":{"Gesch\u00e4tzte Lesezeit":"1\u00a0Minute"},"schema":{"@context":"https:\/\/schema.org","@graph":[{"@type":"WebPage","@id":"https:\/\/timaflex.nl\/over-ons\/","url":"https:\/\/timaflex.nl\/over-ons\/","name":"\u00dcber uns - Timaflex","isPartOf":{"@id":"https:\/\/timaflex.nl\/#website"},"primaryImageOfPage":{"@id":"https:\/\/timaflex.nl\/over-ons\/#primaryimage"},"image":{"@id":"https:\/\/timaflex.nl\/over-ons\/#primaryimage"},"thumbnailUrl":"https:\/\/timaflex.nl\/wp-content\/uploads\/2020\/02\/Extrusion-die-and-caliber-1536x770.png","datePublished":"2019-12-13T11:47:13+00:00","dateModified":"2020-05-04T09:02:35+00:00","breadcrumb":{"@id":"https:\/\/timaflex.nl\/over-ons\/#breadcrumb"},"inLanguage":"de","potentialAction":[{"@type":"ReadAction","target":["https:\/\/timaflex.nl\/over-ons\/"]}]},{"@type":"ImageObject","inLanguage":"de","@id":"https:\/\/timaflex.nl\/over-ons\/#primaryimage","url":"https:\/\/timaflex.nl\/wp-content\/uploads\/2020\/02\/Extrusion-die-and-caliber-1536x770.png","contentUrl":"https:\/\/timaflex.nl\/wp-content\/uploads\/2020\/02\/Extrusion-die-and-caliber-1536x770.png"},{"@type":"BreadcrumbList","@id":"https:\/\/timaflex.nl\/over-ons\/#breadcrumb","itemListElement":[{"@type":"ListItem","position":1,"name":"Home","item":"https:\/\/timaflex.nl\/"},{"@type":"ListItem","position":2,"name":"\u00dcber uns"}]},{"@type":"WebSite","@id":"https:\/\/timaflex.nl\/#website","url":"https:\/\/timaflex.nl\/","name":"Timaflex","description":"Kunststof Extrusie","potentialAction":[{"@type":"SearchAction","target":{"@type":"EntryPoint","urlTemplate":"https:\/\/timaflex.nl\/?s={search_term_string}"},"query-input":{"@type":"PropertyValueSpecification","valueRequired":true,"valueName":"search_term_string"}}],"inLanguage":"de"}]}},"_links":{"self":[{"href":"https:\/\/timaflex.nl\/de\/wp-json\/wp\/v2\/pages\/876","targetHints":{"allow":["GET"]}}],"collection":[{"href":"https:\/\/timaflex.nl\/de\/wp-json\/wp\/v2\/pages"}],"about":[{"href":"https:\/\/timaflex.nl\/de\/wp-json\/wp\/v2\/types\/page"}],"author":[{"embeddable":true,"href":"https:\/\/timaflex.nl\/de\/wp-json\/wp\/v2\/users\/1"}],"replies":[{"embeddable":true,"href":"https:\/\/timaflex.nl\/de\/wp-json\/wp\/v2\/comments?post=876"}],"version-history":[{"count":3,"href":"https:\/\/timaflex.nl\/de\/wp-json\/wp\/v2\/pages\/876\/revisions"}],"predecessor-version":[{"id":1116,"href":"https:\/\/timaflex.nl\/de\/wp-json\/wp\/v2\/pages\/876\/revisions\/1116"}],"wp:attachment":[{"href":"https:\/\/timaflex.nl\/de\/wp-json\/wp\/v2\/media?parent=876"}],"curies":[{"name":"wp","href":"https:\/\/api.w.org\/{rel}","templated":true}]}}